{"id":1526,"date":"2025-02-06T10:54:12","date_gmt":"2025-02-06T10:54:12","guid":{"rendered":"https:\/\/galeriapassat.eu\/the-artists\/"},"modified":"2026-03-03T21:04:51","modified_gmt":"2026-03-03T20:04:51","slug":"the-artists","status":"publish","type":"page","link":"https:\/\/galeriapassat.eu\/en\/the-artists\/","title":{"rendered":"THE ARTIST"},"content":{"rendered":"<div class=\"wpb-content-wrapper\"><p>[vc_row][vc_column][\/vc_column][\/vc_row][vc_row][vc_column width=&#8221;1\/2&#8243;][vc_column_text css=&#8221;&#8221; woodmart_inline=&#8221;no&#8221; text_larger=&#8221;no&#8221;]<\/p>\n<h3 class=\"member-name\">The creator of the art<\/h3>\n<div class=\"member-bio\">\n<p>A graduate of the Maritime University in Szczecin (formerly the Higher Maritime School), Od 1990 roku, po uko\u0144czeniu studi\u00f3w, rozpocz\u0105\u0142 prac\u0119 na statkach morskich jako nawigator, a przez ponad dwadzie\u015bcia lat pe\u0142ni\u0142 funkcj\u0119 kapitana.<\/p>\n<p>Alongside his maritime profession, he has devoted many years to independently refining his painting skills, creating works for friends and charitable causes. Although his art was never intended for commercial purposes, his paintings have found collectors across the globe\u2014from China, South Korea, and the Philippines to Bangladesh, Russia, Turkey, Egypt, and throughout Europe, including the United Kingdom, Norway, Germany, Denmark, Greece, Cyprus, Romania, and Bulgaria.<\/p>\n<p>His works were often created under unique circumstances\u2014during long voyages aboard merchant vessels and later in his own studio during shore leave\u2014reflecting his preference for easel painting. While marine art remains his dominant theme, his portfolio also includes still lifes, landscapes, nudes, impressionist and abstract compositions, as well as portraits.<\/p>\n<p>He embraces artistic challenges, including reproductions of classic works, sometimes reinterpreting them through his own vision. His technique often draws inspiration from the expressive style of Vincent van Gogh, while also incorporating traditional, mixed, and original methods. Nie brakuje r\u00f3wnie\u017c element\u00f3w tradycyjnych, technik mieszanych oraz autorskich rozwi\u0105za\u0144. alongside subtle echoes of Polish masters.<\/p>\n<p>The journey continues\u2014and new surprises are surely on the horizon.<\/p>\n<\/div>\n<p>[\/vc_column_text][\/vc_column][vc_column width=&#8221;1\/2&#8243;][vc_single_image image=&#8221;1528&#8243; img_size=&#8221;full&#8221; alignment=&#8221;center&#8221; css=&#8221;&#8221; parallax_scroll=&#8221;no&#8221; woodmart_inline=&#8221;no&#8221;][vc_column_text css=&#8221;&#8221; woodmart_inline=&#8221;no&#8221; text_larger=&#8221;no&#8221;]<\/p>\n<h4 class=\"member-name\" style=\"text-align: center;\">Master Mariner, M.Sc. Eng. Zdzis\u0142aw J\u00f3zef Komperda<\/h4>\n<p>[\/vc_column_text][\/vc_column][\/vc_row][vc_row][vc_column][\/vc_column][\/vc_row]<\/p>\n<\/div>","protected":false},"excerpt":{"rendered":"<p>[vc_row][vc_column][\/vc_column][\/vc_row][vc_row][vc_column width=&#8221;1\/2&#8243;][vc_column_text css=&#8221;&#8221; woodmart_inline=&#8221;no&#8221; text_larger=&#8221;no&#8221;] The creator of the art A graduate of the Maritime University in Szczecin (formerly the<\/p>\n","protected":false},"author":1,"featured_media":0,"parent":0,"menu_order":0,"comment_status":"closed","ping_status":"closed","template":"","meta":{"footnotes":""},"class_list":["post-1526","page","type-page","status-publish","hentry"],"_links":{"self":[{"href":"https:\/\/galeriapassat.eu\/en\/wp-json\/wp\/v2\/pages\/1526","targetHints":{"allow":["GET"]}}],"collection":[{"href":"https:\/\/galeriapassat.eu\/en\/wp-json\/wp\/v2\/pages"}],"about":[{"href":"https:\/\/galeriapassat.eu\/en\/wp-json\/wp\/v2\/types\/page"}],"author":[{"embeddable":true,"href":"https:\/\/galeriapassat.eu\/en\/wp-json\/wp\/v2\/users\/1"}],"replies":[{"embeddable":true,"href":"https:\/\/galeriapassat.eu\/en\/wp-json\/wp\/v2\/comments?post=1526"}],"version-history":[{"count":30,"href":"https:\/\/galeriapassat.eu\/en\/wp-json\/wp\/v2\/pages\/1526\/revisions"}],"predecessor-version":[{"id":3885,"href":"https:\/\/galeriapassat.eu\/en\/wp-json\/wp\/v2\/pages\/1526\/revisions\/3885"}],"wp:attachment":[{"href":"https:\/\/galeriapassat.eu\/en\/wp-json\/wp\/v2\/media?parent=1526"}],"curies":[{"name":"wp","href":"https:\/\/api.w.org\/{rel}","templated":true}]}}